{"id":45,"date":"2023-10-17T09:41:01","date_gmt":"2023-10-17T09:41:01","guid":{"rendered":"https:\/\/www.themejunction.net\/wp\/logiland\/?page_id=45"},"modified":"2025-05-14T23:06:12","modified_gmt":"2025-05-14T23:06:12","slug":"contact","status":"publish","type":"page","link":"https:\/\/www.ozmakina.net\/?page_id=45","title":{"rendered":"\u0130leti\u015fim"},"content":{"rendered":"\t\t<div data-elementor-type=\"wp-page\" data-elementor-id=\"45\" class=\"elementor elementor-45\">\n\t\t\t\t<div class=\"elementor-element elementor-element-c621abc e-flex e-con-boxed e-con e-parent\" data-id=\"c621abc\" data-element_type=\"container\">\n\t\t\t\t\t<div class=\"e-con-inner\">\n\t\t<div class=\"elementor-element elementor-element-423756b e-con-full e-flex e-con e-child\" data-id=\"423756b\" data-element_type=\"container\">\n\t\t\t\t<div class=\"elementor-element elementor-element-a8b683e elementor-widget elementor-widget-tj-icon-box\" data-id=\"a8b683e\" data-element_type=\"widget\" data-widget_type=\"tj-icon-box.default\">\n\t\t\t\t<div class=\"elementor-widget-container\">\n\t\t\t\t\t\n<div class=\"tj-contact-page\">\n\n  <div class=\"tj-contact-list wow fadeInUp\" data-wow-delay=\"0.3s\">\n\n          <div class=\"contact-icon\">\n        <i aria-hidden=\"true\" class=\"tj flaticon-phone-call\"><\/i>      <\/div>\n    \n    <div class=\"contact-header\">\n              <span>Sorunuz mu var? Hemen aray\u0131n!<\/span>\n      \n                            <a href=\"tel:+90 (536) 989 63 00\">+90 (536) 989 63 00<\/a>\n          \n          <\/div>\n  <\/div>\n<\/div>\n\n\t\t\t\t<\/div>\n\t\t\t\t<\/div>\n\t\t\t\t<\/div>\n\t\t<div class=\"elementor-element elementor-element-a08d2c4 e-con-full e-flex e-con e-child\" data-id=\"a08d2c4\" data-element_type=\"container\">\n\t\t\t\t<div class=\"elementor-element elementor-element-f085add elementor-widget elementor-widget-tj-icon-box\" data-id=\"f085add\" data-element_type=\"widget\" data-widget_type=\"tj-icon-box.default\">\n\t\t\t\t<div class=\"elementor-widget-container\">\n\t\t\t\t\t\n<div class=\"tj-contact-page\">\n\n  <div class=\"tj-contact-list wow fadeInUp\" data-wow-delay=\"0.5s\">\n\n          <div class=\"contact-icon\">\n        <i aria-hidden=\"true\" class=\"tj flaticon-email-3\"><\/i>      <\/div>\n    \n    <div class=\"contact-header\">\n              <span> Bize e-posta yaz\u0131n<\/span>\n      \n                            <a href=\"mailto:burak@ozmakina.net\">burak@ozmakina.net<\/a>\n          \n          <\/div>\n  <\/div>\n<\/div>\n\n\t\t\t\t<\/div>\n\t\t\t\t<\/div>\n\t\t\t\t<\/div>\n\t\t<div class=\"elementor-element elementor-element-79cc350 e-con-full e-flex e-con e-child\" data-id=\"79cc350\" data-element_type=\"container\">\n\t\t\t\t<div class=\"elementor-element elementor-element-4fbd135 elementor-widget elementor-widget-tj-icon-box\" data-id=\"4fbd135\" data-element_type=\"widget\" data-widget_type=\"tj-icon-box.default\">\n\t\t\t\t<div class=\"elementor-widget-container\">\n\t\t\t\t\t\n<div class=\"tj-contact-page\">\n\n  <div class=\"tj-contact-list wow fadeInUp\" data-wow-delay=\"0.7s\">\n\n          <div class=\"contact-icon\">\n        <i aria-hidden=\"true\" class=\"tj flaticon-map\"><\/i>      <\/div>\n    \n    <div class=\"contact-header\">\n              <span>Odunluk Mah. Akademi Cad. Zeno Business Center Sitesi C ve D Blok No:2C \u0130\u00e7kap\u0131 No: 28<\/span>\n      \n                                          <a href=\"#\">Nil\u00fcfer \u2013 BURSA \/ T\u00dcRK\u0130YE<\/a>\n                      \n          <\/div>\n  <\/div>\n<\/div>\n\n\t\t\t\t<\/div>\n\t\t\t\t<\/div>\n\t\t\t\t<\/div>\n\t\t\t\t\t<\/div>\n\t\t\t\t<\/div>\n\t\t<div class=\"elementor-element elementor-element-b7eeea1 e-flex e-con-boxed e-con e-parent\" data-id=\"b7eeea1\" data-element_type=\"container\">\n\t\t\t\t\t<div class=\"e-con-inner\">\n\t\t<div class=\"elementor-element elementor-element-0c5e99c e-con-full e-flex e-con e-child\" data-id=\"0c5e99c\" data-element_type=\"container\">\n\t\t\t\t<div class=\"elementor-element elementor-element-ff22c1e elementor-widget elementor-widget-tj-form\" data-id=\"ff22c1e\" data-element_type=\"widget\" data-widget_type=\"tj-form.default\">\n\t\t\t\t<div class=\"elementor-widget-container\">\n\t\t\t\t\t\n<div class=\"tj-contact-page\">\n  <div class=\"tj-section-heading\">\n          <span class=\"sub-title active-shape wow fadeInUp\" data-wow-delay=\"0.3s\">\n        &quot;Yard\u0131ma ihtiyac\u0131n\u0131z var m\u0131?&quot;      <\/span>\n    \n    <h4 class=\"title wow fadeInUp\" data-wow-delay=\"0.4\">\"Bizimle \u0130leti\u015fime Ge\u00e7in\"<\/h4>\n  <\/div>\n\n      <div class=\"tj-animate-form wow fadeInUp\" data-wow-delay=\"0.7s\">\n      \n<div class=\"wpcf7 no-js\" id=\"wpcf7-f678-o1\" lang=\"en-US\" dir=\"ltr\" data-wpcf7-id=\"678\">\n<div class=\"screen-reader-response\"><p role=\"status\" aria-live=\"polite\" aria-atomic=\"true\"><\/p> <ul><\/ul><\/div>\n<form action=\"\/index.php?rest_route=%2Fwp%2Fv2%2Fpages%2F45#wpcf7-f678-o1\" method=\"post\" class=\"wpcf7-form init\" aria-label=\"Contact form\" novalidate=\"novalidate\" data-status=\"init\">\n<div style=\"display: none;\">\n<input type=\"hidden\" name=\"_wpcf7\" value=\"678\" \/>\n<input type=\"hidden\" name=\"_wpcf7_version\" value=\"6.0.6\" \/>\n<input type=\"hidden\" name=\"_wpcf7_locale\" value=\"en_US\" \/>\n<input type=\"hidden\" name=\"_wpcf7_unit_tag\" value=\"wpcf7-f678-o1\" \/>\n<input type=\"hidden\" name=\"_wpcf7_container_post\" value=\"0\" \/>\n<input type=\"hidden\" name=\"_wpcf7_posted_data_hash\" value=\"\" \/>\n<\/div>\n<div class=\"animate-form\">\n  <div class=\"row\">\n    <div class=\"col-lg-6 col-md-6\">\n      <div class=\"form__div\">\n<span class=\"wpcf7-form-control-wrap\" data-name=\"fname\"><input size=\"40\" maxlength=\"400\" class=\"wpcf7-form-control wpcf7-text wpcf7-validates-as-required form__input\" aria-required=\"true\" aria-invalid=\"false\" placeholder=\"Ad\" value=\"\" type=\"text\" name=\"fname\" \/><\/span>\n      <\/div>\n    <\/div>\n    <div class=\"col-lg-6 col-md-6\">\n      <div class=\"form__div\">\n<span class=\"wpcf7-form-control-wrap\" data-name=\"lname\"><input size=\"40\" maxlength=\"400\" class=\"wpcf7-form-control wpcf7-text wpcf7-validates-as-required form__input\" aria-required=\"true\" aria-invalid=\"false\" placeholder=\"Soyad\" value=\"\" type=\"text\" name=\"lname\" \/><\/span>\n      <\/div>\n    <\/div>\n    <div class=\"col-lg-6 col-md-6\">\n      <div class=\"form__div\">\n<span class=\"wpcf7-form-control-wrap\" data-name=\"phone\"><input size=\"40\" maxlength=\"400\" class=\"wpcf7-form-control wpcf7-tel wpcf7-validates-as-required wpcf7-text wpcf7-validates-as-tel form__input\" aria-required=\"true\" aria-invalid=\"false\" placeholder=\"Telefon\" value=\"\" type=\"tel\" name=\"phone\" \/><\/span>\n      <\/div>\n    <\/div>\n    <div class=\"col-lg-6 col-md-6\">\n      <div class=\"form__div\">\n<span class=\"wpcf7-form-control-wrap\" data-name=\"email\"><input size=\"40\" maxlength=\"400\" class=\"wpcf7-form-control wpcf7-email wpcf7-validates-as-required wpcf7-text wpcf7-validates-as-email form__input\" aria-required=\"true\" aria-invalid=\"false\" placeholder=\"Email\" value=\"\" type=\"email\" name=\"email\" \/><\/span>\n      <\/div>\n    <\/div>\n    <div class=\"col-lg-6 col-md-6\">\n      <div class=\"form__div\">\n<span class=\"wpcf7-form-control-wrap\" data-name=\"website\"><input size=\"40\" maxlength=\"400\" class=\"wpcf7-form-control wpcf7-text form__input\" aria-invalid=\"false\" placeholder=\"Website\" value=\"\" type=\"text\" name=\"website\" \/><\/span>\n      <\/div>\n    <\/div>\n    <div class=\"col-lg-6 col-md-6\">\n      <div class=\"form__div\">\n<span class=\"wpcf7-form-control-wrap\" data-name=\"subject\"><input size=\"40\" maxlength=\"400\" class=\"wpcf7-form-control wpcf7-text wpcf7-validates-as-required form__input\" aria-required=\"true\" aria-invalid=\"false\" placeholder=\"Konu\" value=\"\" type=\"text\" name=\"subject\" \/><\/span>\n      <\/div>\n    <\/div>\n    <div class=\"col-lg-12\">\n      <div class=\"form__div\">\n<span class=\"wpcf7-form-control-wrap\" data-name=\"message\"><textarea cols=\"40\" rows=\"10\" maxlength=\"2000\" class=\"wpcf7-form-control wpcf7-textarea form__input textarea\" aria-invalid=\"false\" placeholder=\"Mesaj\" name=\"message\"><\/textarea><\/span>\n      <\/div>\n    <\/div>\n  <\/div>\n  <div class=\"tj-theme-button\">\n    <button class=\"tj-primary-btn contact-btn\" type=\"submit\" value=\"submit\">\n      Mesaj G\u00f6nder <i class=\"flaticon-right-1\"><\/i>\n    <\/button>\n  <\/div>\n<\/div><div class=\"wpcf7-response-output\" aria-hidden=\"true\"><\/div>\n<\/form>\n<\/div>\n    <\/div>\n  \n<\/div>\n\n\t\t\t\t<\/div>\n\t\t\t\t<\/div>\n\t\t\t\t<\/div>\n\t\t<div class=\"elementor-element elementor-element-6041f9b e-con-full e-flex e-con e-child\" data-id=\"6041f9b\" data-element_type=\"container\">\n\t\t\t\t<div class=\"elementor-element elementor-element-56fabe5 elementor-widget elementor-widget-html\" data-id=\"56fabe5\" data-element_type=\"widget\" data-widget_type=\"html.default\">\n\t\t\t\t<div class=\"elementor-widget-container\">\n\t\t\t\t\t<iframe src=\"https:\/\/www.google.com\/maps\/embed?pb=!1m14!1m8!1m3!1d761.7621618728374!2d28.9934417!3d40.2079808!3m2!1i1024!2i768!4f13.1!3m3!1m2!1s0x14ca0f140dda9471%3A0xfa043cac70564b4a!2s%C3%96z%20Makina!5e0!3m2!1str!2str!4v1747261575723!5m2!1str!2str\" width=\"600\" height=\"600\" style=\"border:0;\" allowfullscreen=\"\" loading=\"lazy\" referrerpolicy=\"no-referrer-when-downgrade\"><\/iframe>\t\t\t\t<\/div>\n\t\t\t\t<\/div>\n\t\t\t\t<\/div>\n\t\t\t\t\t<\/div>\n\t\t\t\t<\/div>\n\t\t\t\t<\/div>\n\t\t","protected":false},"excerpt":{"rendered":"<p>Sorunuz mu var? Hemen aray\u0131n! +90 (536) 989 63 00 Bize e-posta yaz\u0131n burak@ozmakina.net Odunluk Mah. Akademi Cad. Zeno Business Center Sitesi C ve D Blok No:2C \u0130\u00e7kap\u0131 No: 28 Nil\u00fcfer \u2013 BURSA \/ T\u00dcRK\u0130YE &#8220;Yard\u0131ma ihtiyac\u0131n\u0131z var m\u0131?&#8221; &#8220;Bizimle \u0130leti\u015fime Ge\u00e7in&#8221; Send Message<\/p>\n","protected":false},"author":1,"featured_media":0,"parent":0,"menu_order":0,"comment_status":"closed","ping_status":"closed","template":"elementor_header_footer","meta":{"_acf_changed":false,"footnotes":""},"class_list":["post-45","page","type-page","status-publish","hentry"],"acf":[],"_links":{"self":[{"href":"https:\/\/www.ozmakina.net\/index.php?rest_route=\/wp\/v2\/pages\/45","targetHints":{"allow":["GET"]}}],"collection":[{"href":"https:\/\/www.ozmakina.net\/index.php?rest_route=\/wp\/v2\/pages"}],"about":[{"href":"https:\/\/www.ozmakina.net\/index.php?rest_route=\/wp\/v2\/types\/page"}],"author":[{"embeddable":true,"href":"https:\/\/www.ozmakina.net\/index.php?rest_route=\/wp\/v2\/users\/1"}],"replies":[{"embeddable":true,"href":"https:\/\/www.ozmakina.net\/index.php?rest_route=%2Fwp%2Fv2%2Fcomments&post=45"}],"version-history":[{"count":9,"href":"https:\/\/www.ozmakina.net\/index.php?rest_route=\/wp\/v2\/pages\/45\/revisions"}],"predecessor-version":[{"id":2457,"href":"https:\/\/www.ozmakina.net\/index.php?rest_route=\/wp\/v2\/pages\/45\/revisions\/2457"}],"wp:attachment":[{"href":"https:\/\/www.ozmakina.net\/index.php?rest_route=%2Fwp%2Fv2%2Fmedia&parent=45"}],"curies":[{"name":"wp","href":"https:\/\/api.w.org\/{rel}","templated":true}]}}