{"id":43,"date":"2023-10-17T09:40:45","date_gmt":"2023-10-17T09:40:45","guid":{"rendered":"https:\/\/www.themejunction.net\/wp\/logiland\/?page_id=43"},"modified":"2025-07-23T12:09:09","modified_gmt":"2025-07-23T12:09:09","slug":"about","status":"publish","type":"page","link":"https:\/\/www.ozmakina.net\/?page_id=43","title":{"rendered":"Hakk\u0131m\u0131zda"},"content":{"rendered":"\t\t<div data-elementor-type=\"wp-page\" data-elementor-id=\"43\" class=\"elementor elementor-43\">\n\t\t\t\t<div class=\"elementor-element elementor-element-f3b6cae e-flex e-con-boxed e-con e-parent\" data-id=\"f3b6cae\" data-element_type=\"container\">\n\t\t\t\t\t<div class=\"e-con-inner\">\n\t\t<div class=\"elementor-element elementor-element-9539cd9 e-con-full e-flex e-con e-child\" data-id=\"9539cd9\" data-element_type=\"container\">\n\t\t\t\t<div class=\"elementor-element elementor-element-20d40e8 tj_section_align elementor-align-left elementor-widget elementor-widget-tj-section-title\" data-id=\"20d40e8\" data-element_type=\"widget\" data-widget_type=\"tj-section-title.default\">\n\t\t\t\t<div class=\"elementor-widget-container\">\n\t\t\t\t\t\n<div class=\"tj-section-heading\">\n\n      <span class=\"sub-title active-shape wow fadeInUp\" data-wow-delay=\"0.3s\">\n      Firma hakk\u0131nda    <\/span>\n  \n  <h2 class=\"title wow fadeInUp\" data-wow-delay=\"0.5\">\u00d6z Makina  K\u0131zak Koruma Sistemleri\n<\/h2>\n      <p class=\"desc wow fadeInUp\" data-wow-delay=\"0.7s\">\n      \u00d6zMak olarak 10 y\u0131ll\u0131k tecr\u00fcbemiz, uzman kadromuz ve geni\u015f ar-ge ekibimizle birlikte siz m\u00fc\u015fterilerimizin daha iyi hizmet alabilmeleri i\u00e7in her ge\u00e7en zamanda kendimizi yeniliyoruz. K\u0131zak koruma sistemleri makinalar\u0131n\u0131z\u0131n k\u0131zaklar\u0131n\u0131 sonsuz di\u015f dedi\u011fimiz miller ve ekipmanlar\u0131n\u0131z\u0131n yo\u011fun tala\u015f makine ya\u011flar\u0131 makine kimyasallar\u0131 g\u0131b\u0131 zarar verebilecek unsurlardan korumak i\u00e7in yap\u0131lan profesyonel \u00e7\u00f6z\u00fcmlerdir. K\u0131zak koruma sitemleri ba\u015fl\u0131\u011f\u0131 alt\u0131nda k\u0131zak k\u00f6r\u00fckleri, bez k\u00f6r\u00fckler, rulo muhafaza, k\u0131zak s\u0131y\u0131r\u0131c\u0131, sacl\u0131 k\u00f6r\u00fckler, al\u00fcminyum perdeler, teleskopik kapak ve aksesuarlar\u0131 bulunmaktad\u0131r.    <\/p>\n  \n<\/div>\n\n\t\t\t\t<\/div>\n\t\t\t\t<\/div>\n\t\t\t\t<div class=\"elementor-element elementor-element-aa43dc3 elementor-widget elementor-widget-tj-feature-box\" data-id=\"aa43dc3\" data-element_type=\"widget\" data-widget_type=\"tj-feature-box.default\">\n\t\t\t\t<div class=\"elementor-widget-container\">\n\t\t\t\t\t\n\n<div class=\"tj-icon-box wow fadeInUp\" data-wow-delay=\"0.3s\">\n  <div class=\"ab-text d-flex align-items-center\">\n\n              \n\n          <div class=\"ab-title\">\n        <h5 class=\"title\">Misyonumuz <\/h5>      <\/div>\n      <\/div>\n\n      <p class=\"desc\">\u00d6z Makina  olarak \u00f6ncelikli hedefimiz; sekt\u00f6rde, \u00fcr\u00fcnlerimizin kalitesiyle m\u00fc\u015fteri memnuniyeti sa\u011flamakt\u0131r.<\/p>\n  \n<\/div>\n\t\t\t\t<\/div>\n\t\t\t\t<\/div>\n\t\t\t\t<div class=\"elementor-element elementor-element-511ce7b elementor-widget elementor-widget-tj-feature-box\" data-id=\"511ce7b\" data-element_type=\"widget\" data-widget_type=\"tj-feature-box.default\">\n\t\t\t\t<div class=\"elementor-widget-container\">\n\t\t\t\t\t\n\n<div class=\"tj-icon-box wow fadeInUp\" data-wow-delay=\"0.5s\">\n  <div class=\"ab-text d-flex align-items-center\">\n\n                  <div class=\"ab-icon\">\n          <svg xmlns=\"http:\/\/www.w3.org\/2000\/svg\" width=\"35\" height=\"35\" viewBox=\"0 0 35 35\" fill=\"none\"><path d=\"M20.2344 30.8984C19.857 30.8984 19.5508 31.2047 19.5508 31.582C19.5508 31.9594 19.857 32.2656 20.2344 32.2656C20.6117 32.2656 20.918 31.9594 20.918 31.582C20.918 31.2047 20.6117 30.8984 20.2344 30.8984Z\" fill=\"#FD5523\"><\/path><path d=\"M29.8047 3.14453H27.7539V2.05078C27.7539 0.91998 26.8339 0 25.7031 0H9.29688C8.16607 0 7.24609 0.91998 7.24609 2.05078V3.14453H5.19531C4.06451 3.14453 3.14453 4.06451 3.14453 5.19531C3.14453 9.64257 5.22553 12.9108 8.60152 13.8208C9.75885 16.3682 11.5887 18.5337 13.9113 20.0985C14.4462 20.459 14.7656 21.0761 14.7656 21.7492V25.5158C14.297 25.6359 13.8671 25.8796 13.5159 26.2308C12.9994 26.7474 12.7148 27.434 12.7148 28.1641H12.0312C10.9004 28.1641 9.98047 29.084 9.98047 30.2148V34.3164C9.98047 34.694 10.2866 35 10.6641 35H24.3359C24.7134 35 25.0195 34.694 25.0195 34.3164V30.2148C25.0195 29.084 24.0996 28.1641 22.9688 28.1641H22.2852C22.2852 26.8923 21.4124 25.8205 20.2344 25.5162V21.7526C20.2344 21.0773 20.554 20.4591 21.0894 20.0986C23.4122 18.5337 25.242 16.368 26.3993 13.8206C29.7748 12.9103 31.8555 9.64223 31.8555 5.19531C31.8555 4.06451 30.9355 3.14453 29.8047 3.14453ZM4.51172 5.19531C4.51172 4.81838 4.81838 4.51172 5.19531 4.51172H7.24609V7.56738C7.24609 9.12563 7.48214 10.6516 7.94814 12.1211C5.77274 11.0435 4.51172 8.5549 4.51172 5.19531ZM22.9688 29.5312C23.3457 29.5312 23.6523 29.8379 23.6523 30.2148V33.6328H11.3477V30.2148C11.3477 29.8379 11.6543 29.5312 12.0312 29.5312H22.9688ZM26.3867 7.56738C26.3867 9.43469 26.015 11.2517 25.2816 12.9678C24.2385 15.4094 22.5247 17.483 20.3257 18.9646C19.4124 19.5794 18.8672 20.6216 18.8672 21.7526V26.1133C18.8672 26.4908 19.1733 26.7969 19.5508 26.7969C20.3046 26.7969 20.918 27.4102 20.918 28.1641H14.082C14.082 27.7992 14.2244 27.4559 14.4827 27.1975C14.7284 26.9518 15.0508 26.8112 15.3956 26.7979C15.4133 26.7993 15.4312 26.8 15.4492 26.8C15.8266 26.8 16.1327 26.4908 16.1327 26.1133V21.7492C16.1327 20.6206 15.5879 19.5797 14.6752 18.9647C12.476 17.4831 10.7622 15.4094 9.71893 12.9676C8.98529 11.2522 8.61328 9.43523 8.61328 7.56738V2.05078C8.61328 1.67385 8.91994 1.36719 9.29688 1.36719H25.7031C26.0801 1.36719 26.3867 1.67385 26.3867 2.05078V7.56738ZM27.0521 12.1209C27.5179 10.6511 27.7539 9.12522 27.7539 7.56738V4.51172H29.8047C30.1816 4.51172 30.4883 4.81838 30.4883 5.19531C30.4883 8.5547 29.2274 11.0433 27.0521 12.1209Z\" fill=\"#FD5523\"><\/path><path d=\"M22.9099 8.07734C22.8296 7.82981 22.6156 7.64941 22.3581 7.61209L19.4079 7.18389L18.0884 4.51001C17.9732 4.27663 17.7356 4.12891 17.4754 4.12891C17.2151 4.12891 16.9775 4.27663 16.8623 4.51001L15.5428 7.18389L12.5927 7.61209C12.3351 7.64948 12.1212 7.82988 12.0408 8.07734C11.9604 8.32487 12.0275 8.59653 12.2138 8.77816L14.3489 10.859L13.845 13.7976C13.801 14.0541 13.9065 14.3132 14.117 14.4662C14.3275 14.6191 14.6067 14.6393 14.8369 14.5182L17.4754 13.131L20.1146 14.5182C20.3463 14.64 20.6253 14.6182 20.8345 14.4661C21.045 14.3132 21.1504 14.0539 21.1063 13.7975L20.6018 10.859L22.7369 8.77816C22.9233 8.59653 22.9903 8.32487 22.9099 8.07734ZM19.3902 10.1307C19.2291 10.2878 19.1554 10.5142 19.1936 10.736L19.5245 12.6635L17.7934 11.7536C17.5942 11.6489 17.3563 11.6489 17.1573 11.7536L15.4268 12.6635L15.7574 10.7358C15.7954 10.514 15.7218 10.2877 15.5607 10.1307L14.1604 8.766L16.095 8.48518C16.3178 8.45284 16.5103 8.31298 16.6099 8.11118L17.4754 6.35715L18.341 8.11118C18.4406 8.31298 18.6331 8.45284 18.8558 8.48518L20.7905 8.766L19.3902 10.1307Z\" fill=\"#FD5523\"><\/path><path d=\"M17.5 30.8984H14.7656C14.3881 30.8984 14.082 31.2045 14.082 31.582C14.082 31.9596 14.3881 32.2656 14.7656 32.2656H17.5C17.8775 32.2656 18.1836 31.9596 18.1836 31.582C18.1836 31.2045 17.8775 30.8984 17.5 30.8984Z\" fill=\"#FD5523\"><\/path><path d=\"M28.0281 32.9493H28.4092C28.215 32.9108 28.0845 32.9069 28.0281 32.9493Z\" fill=\"#FD5523\"><\/path><\/svg>        <\/div>\n          \n\n          <div class=\"ab-title\">\n        <h5 class=\"title\">Vizyonumuz<\/h5>      <\/div>\n      <\/div>\n\n      <p class=\"desc\">Sekt\u00f6rde lider ve g\u00fcvenilir marka olma yolunda, \u00fcr\u00fcn gam\u0131m\u0131z\u0131 s\u00fcrekli geni\u015fleterek k\u00fcresel pazarda T\u00fcrkiye'yi temsil etmek. M\u00fc\u015fteri memnuniyetini odak noktas\u0131 alarak, teknolojiye y\u00f6n veren ve \u00e7evre dostu \u00fcretim anlay\u0131\u015f\u0131yla s\u00fcrd\u00fcr\u00fclebilir b\u00fcy\u00fcmeyi sa\u011flamak.<\/p>\n  \n<\/div>\n\t\t\t\t<\/div>\n\t\t\t\t<\/div>\n\t\t\t\t<div class=\"elementor-element elementor-element-71ad90a elementor-widget elementor-widget-tj-feature-box\" data-id=\"71ad90a\" data-element_type=\"widget\" data-widget_type=\"tj-feature-box.default\">\n\t\t\t\t<div class=\"elementor-widget-container\">\n\t\t\t\t\t\n\n<div class=\"tj-icon-box wow fadeInUp\" data-wow-delay=\"0.5s\">\n  <div class=\"ab-text d-flex align-items-center\">\n\n                  <div class=\"ab-icon\">\n          <svg xmlns=\"http:\/\/www.w3.org\/2000\/svg\" width=\"35\" height=\"35\" viewBox=\"0 0 35 35\" fill=\"none\"><path d=\"M20.2344 30.8984C19.857 30.8984 19.5508 31.2047 19.5508 31.582C19.5508 31.9594 19.857 32.2656 20.2344 32.2656C20.6117 32.2656 20.918 31.9594 20.918 31.582C20.918 31.2047 20.6117 30.8984 20.2344 30.8984Z\" fill=\"#FD5523\"><\/path><path d=\"M29.8047 3.14453H27.7539V2.05078C27.7539 0.91998 26.8339 0 25.7031 0H9.29688C8.16607 0 7.24609 0.91998 7.24609 2.05078V3.14453H5.19531C4.06451 3.14453 3.14453 4.06451 3.14453 5.19531C3.14453 9.64257 5.22553 12.9108 8.60152 13.8208C9.75885 16.3682 11.5887 18.5337 13.9113 20.0985C14.4462 20.459 14.7656 21.0761 14.7656 21.7492V25.5158C14.297 25.6359 13.8671 25.8796 13.5159 26.2308C12.9994 26.7474 12.7148 27.434 12.7148 28.1641H12.0312C10.9004 28.1641 9.98047 29.084 9.98047 30.2148V34.3164C9.98047 34.694 10.2866 35 10.6641 35H24.3359C24.7134 35 25.0195 34.694 25.0195 34.3164V30.2148C25.0195 29.084 24.0996 28.1641 22.9688 28.1641H22.2852C22.2852 26.8923 21.4124 25.8205 20.2344 25.5162V21.7526C20.2344 21.0773 20.554 20.4591 21.0894 20.0986C23.4122 18.5337 25.242 16.368 26.3993 13.8206C29.7748 12.9103 31.8555 9.64223 31.8555 5.19531C31.8555 4.06451 30.9355 3.14453 29.8047 3.14453ZM4.51172 5.19531C4.51172 4.81838 4.81838 4.51172 5.19531 4.51172H7.24609V7.56738C7.24609 9.12563 7.48214 10.6516 7.94814 12.1211C5.77274 11.0435 4.51172 8.5549 4.51172 5.19531ZM22.9688 29.5312C23.3457 29.5312 23.6523 29.8379 23.6523 30.2148V33.6328H11.3477V30.2148C11.3477 29.8379 11.6543 29.5312 12.0312 29.5312H22.9688ZM26.3867 7.56738C26.3867 9.43469 26.015 11.2517 25.2816 12.9678C24.2385 15.4094 22.5247 17.483 20.3257 18.9646C19.4124 19.5794 18.8672 20.6216 18.8672 21.7526V26.1133C18.8672 26.4908 19.1733 26.7969 19.5508 26.7969C20.3046 26.7969 20.918 27.4102 20.918 28.1641H14.082C14.082 27.7992 14.2244 27.4559 14.4827 27.1975C14.7284 26.9518 15.0508 26.8112 15.3956 26.7979C15.4133 26.7993 15.4312 26.8 15.4492 26.8C15.8266 26.8 16.1327 26.4908 16.1327 26.1133V21.7492C16.1327 20.6206 15.5879 19.5797 14.6752 18.9647C12.476 17.4831 10.7622 15.4094 9.71893 12.9676C8.98529 11.2522 8.61328 9.43523 8.61328 7.56738V2.05078C8.61328 1.67385 8.91994 1.36719 9.29688 1.36719H25.7031C26.0801 1.36719 26.3867 1.67385 26.3867 2.05078V7.56738ZM27.0521 12.1209C27.5179 10.6511 27.7539 9.12522 27.7539 7.56738V4.51172H29.8047C30.1816 4.51172 30.4883 4.81838 30.4883 5.19531C30.4883 8.5547 29.2274 11.0433 27.0521 12.1209Z\" fill=\"#FD5523\"><\/path><path d=\"M22.9099 8.07734C22.8296 7.82981 22.6156 7.64941 22.3581 7.61209L19.4079 7.18389L18.0884 4.51001C17.9732 4.27663 17.7356 4.12891 17.4754 4.12891C17.2151 4.12891 16.9775 4.27663 16.8623 4.51001L15.5428 7.18389L12.5927 7.61209C12.3351 7.64948 12.1212 7.82988 12.0408 8.07734C11.9604 8.32487 12.0275 8.59653 12.2138 8.77816L14.3489 10.859L13.845 13.7976C13.801 14.0541 13.9065 14.3132 14.117 14.4662C14.3275 14.6191 14.6067 14.6393 14.8369 14.5182L17.4754 13.131L20.1146 14.5182C20.3463 14.64 20.6253 14.6182 20.8345 14.4661C21.045 14.3132 21.1504 14.0539 21.1063 13.7975L20.6018 10.859L22.7369 8.77816C22.9233 8.59653 22.9903 8.32487 22.9099 8.07734ZM19.3902 10.1307C19.2291 10.2878 19.1554 10.5142 19.1936 10.736L19.5245 12.6635L17.7934 11.7536C17.5942 11.6489 17.3563 11.6489 17.1573 11.7536L15.4268 12.6635L15.7574 10.7358C15.7954 10.514 15.7218 10.2877 15.5607 10.1307L14.1604 8.766L16.095 8.48518C16.3178 8.45284 16.5103 8.31298 16.6099 8.11118L17.4754 6.35715L18.341 8.11118C18.4406 8.31298 18.6331 8.45284 18.8558 8.48518L20.7905 8.766L19.3902 10.1307Z\" fill=\"#FD5523\"><\/path><path d=\"M17.5 30.8984H14.7656C14.3881 30.8984 14.082 31.2045 14.082 31.582C14.082 31.9596 14.3881 32.2656 14.7656 32.2656H17.5C17.8775 32.2656 18.1836 31.9596 18.1836 31.582C18.1836 31.2045 17.8775 30.8984 17.5 30.8984Z\" fill=\"#FD5523\"><\/path><path d=\"M28.0281 32.9493H28.4092C28.215 32.9108 28.0845 32.9069 28.0281 32.9493Z\" fill=\"#FD5523\"><\/path><\/svg>        <\/div>\n          \n\n          <div class=\"ab-title\">\n        <h5 class=\"title\">Vizyonumuz<\/h5>      <\/div>\n      <\/div>\n\n      <p class=\"desc\">De\u011ferlerimiz\nKalite: \u00dcr\u00fcnlerimizde uluslararas\u0131 standartlar\u0131 baz al\u0131yor, her a\u015famada s\u0131k\u0131 kalite kontrol\u00fc uyguluyoruz.\n<br>\nM\u00fc\u015fteri Odakl\u0131l\u0131k: \u0130htiya\u00e7lara h\u0131zl\u0131 ve esnek \u00e7\u00f6z\u00fcmler \u00fcretmek i\u00e7in dinlemeyi ve i\u015f birli\u011fini \u00f6nceliklendiriyoruz.\n<br>\n\u0130novasyon: Ar-Ge \u00e7al\u0131\u015fmalar\u0131m\u0131zla \"sonsuz di\u015f\" millerinden teleskopik kapaklara kadar \u00f6zg\u00fcn tasar\u0131mlar geli\u015ftiriyoruz.\n<br>\nD\u00fcr\u00fcstl\u00fck: \u015eeffaf ileti\u015fim, adil rekabet ve etik de\u011ferlerle uzun vadeli ili\u015fkiler kuruyoruz.\n<br>\nS\u00fcrd\u00fcr\u00fclebilirlik: \u00c7evreci malzemeler ve geri d\u00f6n\u00fc\u015f\u00fcm projeleriyle gelecek nesillere sorumlulu\u011fumuzu hat\u0131rl\u0131yoruz.<\/p>\n  \n<\/div>\n\t\t\t\t<\/div>\n\t\t\t\t<\/div>\n\t\t\t\t<\/div>\n\t\t<div class=\"elementor-element elementor-element-bfd0e71 e-con-full e-flex e-con e-child\" data-id=\"bfd0e71\" data-element_type=\"container\">\n\t\t\t\t<div class=\"elementor-element elementor-element-05281ae elementor-widget elementor-widget-tj-about-images\" data-id=\"05281ae\" data-element_type=\"widget\" data-widget_type=\"tj-about-images.default\">\n\t\t\t\t<div class=\"elementor-widget-container\">\n\t\t\t\t\t\n<div class=\"about-group-image d-flex flex-wrap align-items-start flex-column\">\n\n      <div class=\"tj-icon-box2 text-center wow zoomIn\" data-wow-delay=\"0.3s\">\n\n\n\n              <div class=\"number-icon\">\n          <i aria-hidden=\"true\" class=\"flaticon-in-person\"><\/i>        <\/div>\n      \n\n      <div class=\"about-number\">\n\n                  <div class=\"tj-count\"><span class=\"odometer\" data-count=\"20+\">0<\/span><\/div>\n        \n                  <p class=\"desc\">Y\u0131l\u0131n Tecrubesi<\/p>\n        \n      <\/div>\n    <\/div>\n  \n      <div class=\"image-box wow fadeInRight\" data-wow-delay=\"0.3s\">\n      <img decoding=\"async\" class=\"p-z-idex\" src=\"https:\/\/www.ozmakina.net\/wp-content\/uploads\/2025\/05\/WhatsApp-Image-2025-05-22-at-15.33.19-3.jpeg\" alt=\"\" \/>\n    <\/div>\n  \n      <img decoding=\"async\" class=\"group-1 p-z-idex wow fadeInLeft\" data-wow-delay=\"0.3s\" src=\"https:\/\/www.ozmakina.net\/wp-content\/uploads\/2023\/11\/WhatsApp-Image-2025-05-22-at-15.08.49.jpeg\" alt=\"\" \/>\n  \n  <img decoding=\"async\" class=\"group-shape\" src=\"https:\/\/www.ozmakina.net\/wp-content\/themes\/logiland\/assets\/images\/shapes\/ab-shape.png\" alt=\"Shape\" \/>\n<\/div>\n\n\t\t\t\t<\/div>\n\t\t\t\t<\/div>\n\t\t\t\t<\/div>\n\t\t\t\t\t<\/div>\n\t\t\t\t<\/div>\n\t\t\t\t<\/div>\n\t\t","protected":false},"excerpt":{"rendered":"<p>Firma hakk\u0131nda \u00d6z Makina K\u0131zak Koruma Sistemleri \u00d6zMak olarak 10 y\u0131ll\u0131k tecr\u00fcbemiz, uzman kadromuz ve geni\u015f ar-ge ekibimizle birlikte siz m\u00fc\u015fterilerimizin daha iyi hizmet alabilmeleri i\u00e7in her ge\u00e7en zamanda kendimizi yeniliyoruz. K\u0131zak koruma sistemleri makinalar\u0131n\u0131z\u0131n k\u0131zaklar\u0131n\u0131 sonsuz di\u015f dedi\u011fimiz miller ve ekipmanlar\u0131n\u0131z\u0131n yo\u011fun tala\u015f makine ya\u011flar\u0131 makine kimyasallar\u0131 g\u0131b\u0131 zarar verebilecek unsurlardan korumak i\u00e7in yap\u0131lan [&hellip;]<\/p>\n","protected":false},"author":1,"featured_media":0,"parent":0,"menu_order":0,"comment_status":"closed","ping_status":"closed","template":"elementor_header_footer","meta":{"_acf_changed":false,"footnotes":""},"class_list":["post-43","page","type-page","status-publish","hentry"],"acf":[],"_links":{"self":[{"href":"https:\/\/www.ozmakina.net\/index.php?rest_route=\/wp\/v2\/pages\/43","targetHints":{"allow":["GET"]}}],"collection":[{"href":"https:\/\/www.ozmakina.net\/index.php?rest_route=\/wp\/v2\/pages"}],"about":[{"href":"https:\/\/www.ozmakina.net\/index.php?rest_route=\/wp\/v2\/types\/page"}],"author":[{"embeddable":true,"href":"https:\/\/www.ozmakina.net\/index.php?rest_route=\/wp\/v2\/users\/1"}],"replies":[{"embeddable":true,"href":"https:\/\/www.ozmakina.net\/index.php?rest_route=%2Fwp%2Fv2%2Fcomments&post=43"}],"version-history":[{"count":29,"href":"https:\/\/www.ozmakina.net\/index.php?rest_route=\/wp\/v2\/pages\/43\/revisions"}],"predecessor-version":[{"id":2778,"href":"https:\/\/www.ozmakina.net\/index.php?rest_route=\/wp\/v2\/pages\/43\/revisions\/2778"}],"wp:attachment":[{"href":"https:\/\/www.ozmakina.net\/index.php?rest_route=%2Fwp%2Fv2%2Fmedia&parent=43"}],"curies":[{"name":"wp","href":"https:\/\/api.w.org\/{rel}","templated":true}]}}